{"id":44508,"date":"2023-12-04T17:13:08","date_gmt":"2023-12-04T16:13:08","guid":{"rendered":"https:\/\/test.chemin-neuf.mu\/?page_id=44508"},"modified":"2026-01-03T12:24:09","modified_gmt":"2026-01-03T11:24:09","slug":"mission-cana","status":"publish","type":"page","link":"https:\/\/test.chemin-neuf.mu\/fr\/mission-cana\/","title":{"rendered":"Mission CANA"},"content":{"rendered":"\n<h3 class=\"wp-block-heading\">CANA, POUR PRENDRE SOIN DE SON COUPLE<\/h3>\n\n\n\n<p><strong>Fonder une famille et vivre en famille d\u2019une mani\u00e8re harmonieuse, nous en r\u00eavons tous, mais c\u2019est souvent bien difficile\u2026<\/strong><\/p>\n\n\n<div class=\"wp-block-image\">\n<figure class=\"aligncenter size-large\"><img loading=\"lazy\" decoding=\"async\" width=\"1024\" height=\"324\" src=\"https:\/\/test.chemin-neuf.mu\/wp-content\/uploads\/2023\/12\/logo-chemin-neuf-et-cana-couples-1024x324.jpg\" alt=\"\" class=\"wp-image-44514\" srcset=\"https:\/\/test.chemin-neuf.mu\/wp-content\/uploads\/2023\/12\/logo-chemin-neuf-et-cana-couples-1024x324.jpg 1024w, https:\/\/test.chemin-neuf.mu\/wp-content\/uploads\/2023\/12\/logo-chemin-neuf-et-cana-couples-300x95.jpg 300w, https:\/\/test.chemin-neuf.mu\/wp-content\/uploads\/2023\/12\/logo-chemin-neuf-et-cana-couples-768x243.jpg 768w, https:\/\/test.chemin-neuf.mu\/wp-content\/uploads\/2023\/12\/logo-chemin-neuf-et-cana-couples-1536x486.jpg 1536w, https:\/\/test.chemin-neuf.mu\/wp-content\/uploads\/2023\/12\/logo-chemin-neuf-et-cana-couples.jpg 1920w\" sizes=\"auto, (max-width: 1024px) 100vw, 1024px\" \/><\/figure>\n<\/div>\n\n\n<p>CANA accueille ceux et celles qui veulent approfondir leur relation de couple, qui se questionnent sur un engagement futur, qui d\u00e9sirent \u00eatre accompagn\u00e9s dans leur mission de parents, qui traversent une p\u00e9riode difficile telle qu\u2019une s\u00e9paration, ou qui sont engag\u00e9s dans une nouvelle union apr\u00e8s un divorce.<\/p>\n\n\n\n<p>Que ce soit pour un rendez-vous ponctuel, un week-end, une semaine ou des parcours annuels, chacun peut red\u00e9couvrir la beaut\u00e9 du mariage et go\u00fbter la pr\u00e9sence aimante de Dieu.<\/p>\n\n\n\n<div class=\"cards-container columns columns-3 align-\">\n\n    <!-- scroll arrow left\/previous -->\n    \n    <div class=\"cards-list columns proposition columns-3 align-\">\n\n        \n<article class=\"card proposition  proposition\" data-animate-onshow=\"show-card\">\n\n    <!-- edit post link -->\n    \n    <a href=\"https:\/\/test.chemin-neuf.mu\/fr\/evenement\/weekend-cana\/\"\n       >\n\n        <div class=\"post-date\">\n                        <div class=\"post-time\">\n                <time datetime=\"15-11-2025\">\n                    <span class=\"day\">15<\/span>\n                    <span class=\"month\">Nov<\/span>\n                    <span class=\"year\">2025<\/span>\n                <\/time>\n            <\/div>\n                        \n                        <div class=\"post-time\">\n                <time datetime=\"16-11-2025\">\n                    <span class=\"day\">16<\/span>\n                    <span class=\"month\">Nov<\/span>\n                    <span class=\"year\">2025<\/span>\n                <\/time>\n            <\/div>\n                    <\/div>\n\n                <div class=\"bandeau\">\n            <span>Past proposition<\/span>\n        <\/div>\n\n        <!-- Proposition image -->\n        <div class=\"post-thumb\">\n            <span style=\"background-image: url(https:\/\/test.chemin-neuf.mu\/wp-content\/uploads\/2021\/09\/242036520_191244179773400_9132560388548858059_n.jpg);\"><\/span>\n        <\/div>\n\n        <!-- Proposition category -->\n        <div class=\"post-text\">\n            <div class=\"post-infos\">\n                                <div class=\"post-cat\">\n                                        <span class=\"cat-name\">Couples &amp; Familles<\/span>\n                <\/div>\n                            <\/div>\n            <h2 class=\"post-title\">Week-end CANA<\/h2>\n            <div class=\"post-excerpt\">\n                <p>Th\u00e8me: &#8220;Grandir en couple&#8221;\n<\/p>\n            <\/div>\n        <\/div>\n\n        <div class=\"post-lieu\">Carmel de Mehagne B <\/div>\n    <\/a>\n<\/article>\n<article class=\"card proposition  proposition\" data-animate-onshow=\"show-card\">\n\n    <!-- edit post link -->\n    \n    <a href=\"https:\/\/test.chemin-neuf.mu\/fr\/evenement\/weekend-cana-2\/\"\n       >\n\n        <div class=\"post-date\">\n                        <div class=\"post-time\">\n                <time datetime=\"07-03-2026\">\n                    <span class=\"day\">7<\/span>\n                    <span class=\"month\">Mar<\/span>\n                    <span class=\"year\">2026<\/span>\n                <\/time>\n            <\/div>\n                        \n                        <div class=\"post-time\">\n                <time datetime=\"08-03-2026\">\n                    <span class=\"day\">8<\/span>\n                    <span class=\"month\">Mar<\/span>\n                    <span class=\"year\">2026<\/span>\n                <\/time>\n            <\/div>\n                    <\/div>\n\n                <div class=\"bandeau\">\n            <span>Past proposition<\/span>\n        <\/div>\n\n        <!-- Proposition image -->\n        <div class=\"post-thumb\">\n            <span style=\"background-image: url(https:\/\/test.chemin-neuf.mu\/wp-content\/uploads\/2025\/08\/1tyzfcjri2g-e1754494839190.jpg);\"><\/span>\n        <\/div>\n\n        <!-- Proposition category -->\n        <div class=\"post-text\">\n            <div class=\"post-infos\">\n                                <div class=\"post-cat\">\n                                        <span class=\"cat-name\">Couples &amp; Familles<\/span>\n                <\/div>\n                            <\/div>\n            <h2 class=\"post-title\">Week-end CANA<\/h2>\n            <div class=\"post-excerpt\">\n                <p>Th\u00e8me: &#8220;Dialoguer et communiquer en couple&#8221;<\/p>\n            <\/div>\n        <\/div>\n\n        <div class=\"post-lieu\">Carmel de Mehagne B <\/div>\n    <\/a>\n<\/article>\n<article class=\"card proposition  proposition\" data-animate-onshow=\"show-card\">\n\n    <!-- edit post link -->\n    \n    <a href=\"https:\/\/test.chemin-neuf.mu\/fr\/evenement\/week-end-cana\/\"\n       >\n\n        <div class=\"post-date\">\n                        <div class=\"post-time\">\n                <time datetime=\"18-04-2026\">\n                    <span class=\"day\">18<\/span>\n                    <span class=\"month\">Apr<\/span>\n                    <span class=\"year\">2026<\/span>\n                <\/time>\n            <\/div>\n                        \n                        <div class=\"post-time\">\n                <time datetime=\"19-04-2026\">\n                    <span class=\"day\">19<\/span>\n                    <span class=\"month\">Apr<\/span>\n                    <span class=\"year\">2026<\/span>\n                <\/time>\n            <\/div>\n                    <\/div>\n\n                <div class=\"bandeau\">\n            <span>Past proposition<\/span>\n        <\/div>\n\n        <!-- Proposition image -->\n        <div class=\"post-thumb\">\n            <span style=\"background-image: url(https:\/\/test.chemin-neuf.mu\/wp-content\/uploads\/2025\/08\/fo18lpxmlvk-1.jpg);\"><\/span>\n        <\/div>\n\n        <!-- Proposition category -->\n        <div class=\"post-text\">\n            <div class=\"post-infos\">\n                                <div class=\"post-cat\">\n                                        <span class=\"cat-name\">Couples &amp; Familles<\/span>\n                <\/div>\n                            <\/div>\n            <h2 class=\"post-title\">Week-end CANA<\/h2>\n            <div class=\"post-excerpt\">\n                <p>Th\u00e8me: &#8220;Dialoguer et communiquer en couple&#8221;<\/p>\n            <\/div>\n        <\/div>\n\n        <div class=\"post-lieu\">Carmel de Mehagne B <\/div>\n    <\/a>\n<\/article>\n<article class=\"card proposition  proposition\" data-animate-onshow=\"show-card\">\n\n    <!-- edit post link -->\n    \n    <a href=\"https:\/\/test.chemin-neuf.mu\/fr\/evenement\/semaine-cana\/\"\n       >\n\n        <div class=\"post-date\">\n                        <div class=\"post-time\">\n                <time datetime=\"05-07-2026\">\n                    <span class=\"day\">5<\/span>\n                    <span class=\"month\">Jul<\/span>\n                    <span class=\"year\">2026<\/span>\n                <\/time>\n            <\/div>\n                        \n                        <div class=\"post-time\">\n                <time datetime=\"11-07-2026\">\n                    <span class=\"day\">11<\/span>\n                    <span class=\"month\">Jul<\/span>\n                    <span class=\"year\">2026<\/span>\n                <\/time>\n            <\/div>\n                    <\/div>\n\n                <div class=\"bandeau\">\n            <span>Registration opened<\/span>\n        <\/div>\n\n        <!-- Proposition image -->\n        <div class=\"post-thumb\">\n            <span style=\"background-image: url(https:\/\/test.chemin-neuf.mu\/wp-content\/uploads\/2025\/08\/4le7k9xvyje.jpg);\"><\/span>\n        <\/div>\n\n        <!-- Proposition category -->\n        <div class=\"post-text\">\n            <div class=\"post-infos\">\n                                <div class=\"post-cat\">\n                                        <span class=\"cat-name\">Couples &amp; Familles<\/span>\n                <\/div>\n                            <\/div>\n            <h2 class=\"post-title\">Semaine CANA<\/h2>\n            <div class=\"post-excerpt\">\n                <p>Une semaine pour mieux s&#8217;aimer&#8230;<\/p>\n            <\/div>\n        <\/div>\n\n        <div class=\"post-lieu\">Carmel de Mehagne B <\/div>\n    <\/a>\n<\/article>\n    <\/div>\n\n    <!-- scroll arrow right\/next -->\n    \n<\/div>\n\n\n<p>CANA est aujourd\u2019hui pr\u00e9sent dans pr\u00e8s de 50 pays.<\/p>\n\n\n\n<p class=\"has-text-align-center has-large-font-size\">Pour plus d&#8217;infos sur la mission CANA: <a href=\"https:\/\/www.cana-couple.fr\/\">voyez ici<\/a><\/p>\n\n\n\n<p><\/p>\n\n\n<div class=\"wp-block-image\">\n<figure class=\"aligncenter size-large is-resized\"><img loading=\"lazy\" decoding=\"async\" width=\"1024\" height=\"683\" src=\"https:\/\/test.chemin-neuf.mu\/wp-content\/uploads\/2025\/09\/IMG_6230-1024x683.jpg\" alt=\"\" class=\"wp-image-69086\" style=\"width:618px;height:auto\" srcset=\"https:\/\/test.chemin-neuf.mu\/wp-content\/uploads\/2025\/09\/IMG_6230-1024x683.jpg 1024w, https:\/\/test.chemin-neuf.mu\/wp-content\/uploads\/2025\/09\/IMG_6230-768x512.jpg 768w, https:\/\/test.chemin-neuf.mu\/wp-content\/uploads\/2025\/09\/IMG_6230-1536x1024.jpg 1536w, https:\/\/test.chemin-neuf.mu\/wp-content\/uploads\/2025\/09\/IMG_6230-2048x1365.jpg 2048w\" sizes=\"auto, (max-width: 1024px) 100vw, 1024px\" \/><\/figure>\n<\/div>","protected":false},"excerpt":{"rendered":"<p>CANA, POUR PRENDRE SOIN DE SON COUPLE Fonder une famille et vivre en famille d\u2019une mani\u00e8re harmonieuse, nous en r\u00eavons tous, mais c\u2019est souvent bien difficile\u2026 CANA accueille ceux et celles qui veulent approfondir leur relation de couple, qui se questionnent sur un engagement futur, qui d\u00e9sirent \u00eatre accompagn\u00e9s dans leur mission de parents, qui [&hellip;]<\/p>\n","protected":false},"author":1,"featured_media":44509,"parent":0,"menu_order":0,"comment_status":"closed","ping_status":"closed","template":"","meta":{"_acf_changed":false,"footnotes":""},"class_list":["post-44508","page","type-page","status-publish","has-post-thumbnail","hentry"],"acf":[],"yoast_head":"<!-- This site is optimized with the Yoast SEO plugin v27.5 - https:\/\/yoast.com\/product\/yoast-seo-wordpress\/ -->\n<title>Mission CANA - Test Pays<\/title>\n<meta name=\"description\" content=\"CANA, POUR PRENDRE SOIN DE SON COUPLE Fonder une famille et vivre en famille d\u2019une mani\u00e8re harmonieuse, nous en r\u00eavons tous, mais c\u2019est souvent bien\" \/>\n<meta name=\"robots\" content=\"noindex, follow, max-snippet:-1, max-image-preview:large, max-video-preview:-1\" \/>\n<meta property=\"og:locale\" content=\"fr_FR\" \/>\n<meta property=\"og:type\" content=\"article\" \/>\n<meta property=\"og:title\" content=\"Mission CANA - Test Pays\" \/>\n<meta property=\"og:description\" content=\"CANA, POUR PRENDRE SOIN DE SON COUPLE Fonder une famille et vivre en famille d\u2019une mani\u00e8re harmonieuse, nous en r\u00eavons tous, mais c\u2019est souvent bien\" \/>\n<meta property=\"og:url\" content=\"https:\/\/test.chemin-neuf.mu\/fr\/mission-cana\/\" \/>\n<meta property=\"og:site_name\" content=\"Test Pays\" \/>\n<meta property=\"article:modified_time\" content=\"2026-01-03T11:24:09+00:00\" \/>\n<meta property=\"og:image\" content=\"https:\/\/test.chemin-neuf.mu\/wp-content\/uploads\/2023\/12\/ac5_efhq7fs.jpg\" \/>\n\t<meta property=\"og:image:width\" content=\"1600\" \/>\n\t<meta property=\"og:image:height\" content=\"1067\" \/>\n\t<meta property=\"og:image:type\" content=\"image\/jpeg\" \/>\n<meta name=\"twitter:card\" content=\"summary_large_image\" \/>\n<meta name=\"twitter:label1\" content=\"Est. reading time\" \/>\n\t<meta name=\"twitter:data1\" content=\"2 minutes\" \/>\n<script type=\"application\/ld+json\" class=\"yoast-schema-graph\">{\"@context\":\"https:\\\/\\\/schema.org\",\"@graph\":[{\"@type\":\"WebPage\",\"@id\":\"https:\\\/\\\/test.chemin-neuf.mu\\\/fr\\\/mission-cana\\\/\",\"url\":\"https:\\\/\\\/test.chemin-neuf.mu\\\/fr\\\/mission-cana\\\/\",\"name\":\"Mission CANA - Test Pays\",\"isPartOf\":{\"@id\":\"https:\\\/\\\/test.chemin-neuf.mu\\\/fr\\\/#website\"},\"primaryImageOfPage\":{\"@id\":\"https:\\\/\\\/test.chemin-neuf.mu\\\/fr\\\/mission-cana\\\/#primaryimage\"},\"image\":{\"@id\":\"https:\\\/\\\/test.chemin-neuf.mu\\\/fr\\\/mission-cana\\\/#primaryimage\"},\"thumbnailUrl\":\"https:\\\/\\\/test.chemin-neuf.mu\\\/wp-content\\\/uploads\\\/2023\\\/12\\\/ac5_efhq7fs.jpg\",\"datePublished\":\"2023-12-04T16:13:08+00:00\",\"dateModified\":\"2026-01-03T11:24:09+00:00\",\"description\":\"CANA, POUR PRENDRE SOIN DE SON COUPLE Fonder une famille et vivre en famille d\u2019une mani\u00e8re harmonieuse, nous en r\u00eavons tous, mais c\u2019est souvent bien\",\"breadcrumb\":{\"@id\":\"https:\\\/\\\/test.chemin-neuf.mu\\\/fr\\\/mission-cana\\\/#breadcrumb\"},\"inLanguage\":\"fr\",\"potentialAction\":[{\"@type\":\"ReadAction\",\"target\":[\"https:\\\/\\\/test.chemin-neuf.mu\\\/fr\\\/mission-cana\\\/\"]}]},{\"@type\":\"ImageObject\",\"inLanguage\":\"fr\",\"@id\":\"https:\\\/\\\/test.chemin-neuf.mu\\\/fr\\\/mission-cana\\\/#primaryimage\",\"url\":\"https:\\\/\\\/test.chemin-neuf.mu\\\/wp-content\\\/uploads\\\/2023\\\/12\\\/ac5_efhq7fs.jpg\",\"contentUrl\":\"https:\\\/\\\/test.chemin-neuf.mu\\\/wp-content\\\/uploads\\\/2023\\\/12\\\/ac5_efhq7fs.jpg\",\"width\":1600,\"height\":1067,\"caption\":\"man in white dress shirt holding brown flower bouquet\"},{\"@type\":\"BreadcrumbList\",\"@id\":\"https:\\\/\\\/test.chemin-neuf.mu\\\/fr\\\/mission-cana\\\/#breadcrumb\",\"itemListElement\":[{\"@type\":\"ListItem\",\"position\":1,\"name\":\"Home\",\"item\":\"https:\\\/\\\/test.chemin-neuf.mu\\\/fr\\\/\"},{\"@type\":\"ListItem\",\"position\":2,\"name\":\"Mission CANA\"}]},{\"@type\":\"WebSite\",\"@id\":\"https:\\\/\\\/test.chemin-neuf.mu\\\/fr\\\/#website\",\"url\":\"https:\\\/\\\/test.chemin-neuf.mu\\\/fr\\\/\",\"name\":\"Test Pays\",\"description\":\"Site test pays bilingue\",\"potentialAction\":[{\"@type\":\"SearchAction\",\"target\":{\"@type\":\"EntryPoint\",\"urlTemplate\":\"https:\\\/\\\/test.chemin-neuf.mu\\\/fr\\\/?s={search_term_string}\"},\"query-input\":{\"@type\":\"PropertyValueSpecification\",\"valueRequired\":true,\"valueName\":\"search_term_string\"}}],\"inLanguage\":\"fr\"}]}<\/script>\n<!-- \/ Yoast SEO plugin. -->","yoast_head_json":{"title":"Mission CANA - Test Pays","description":"CANA, POUR PRENDRE SOIN DE SON COUPLE Fonder une famille et vivre en famille d\u2019une mani\u00e8re harmonieuse, nous en r\u00eavons tous, mais c\u2019est souvent bien","robots":{"index":"noindex","follow":"follow","max-snippet":"max-snippet:-1","max-image-preview":"max-image-preview:large","max-video-preview":"max-video-preview:-1"},"og_locale":"fr_FR","og_type":"article","og_title":"Mission CANA - Test Pays","og_description":"CANA, POUR PRENDRE SOIN DE SON COUPLE Fonder une famille et vivre en famille d\u2019une mani\u00e8re harmonieuse, nous en r\u00eavons tous, mais c\u2019est souvent bien","og_url":"https:\/\/test.chemin-neuf.mu\/fr\/mission-cana\/","og_site_name":"Test Pays","article_modified_time":"2026-01-03T11:24:09+00:00","og_image":[{"width":1600,"height":1067,"url":"https:\/\/test.chemin-neuf.mu\/wp-content\/uploads\/2023\/12\/ac5_efhq7fs.jpg","type":"image\/jpeg"}],"twitter_card":"summary_large_image","twitter_misc":{"Est. reading time":"2 minutes"},"schema":{"@context":"https:\/\/schema.org","@graph":[{"@type":"WebPage","@id":"https:\/\/test.chemin-neuf.mu\/fr\/mission-cana\/","url":"https:\/\/test.chemin-neuf.mu\/fr\/mission-cana\/","name":"Mission CANA - Test Pays","isPartOf":{"@id":"https:\/\/test.chemin-neuf.mu\/fr\/#website"},"primaryImageOfPage":{"@id":"https:\/\/test.chemin-neuf.mu\/fr\/mission-cana\/#primaryimage"},"image":{"@id":"https:\/\/test.chemin-neuf.mu\/fr\/mission-cana\/#primaryimage"},"thumbnailUrl":"https:\/\/test.chemin-neuf.mu\/wp-content\/uploads\/2023\/12\/ac5_efhq7fs.jpg","datePublished":"2023-12-04T16:13:08+00:00","dateModified":"2026-01-03T11:24:09+00:00","description":"CANA, POUR PRENDRE SOIN DE SON COUPLE Fonder une famille et vivre en famille d\u2019une mani\u00e8re harmonieuse, nous en r\u00eavons tous, mais c\u2019est souvent bien","breadcrumb":{"@id":"https:\/\/test.chemin-neuf.mu\/fr\/mission-cana\/#breadcrumb"},"inLanguage":"fr","potentialAction":[{"@type":"ReadAction","target":["https:\/\/test.chemin-neuf.mu\/fr\/mission-cana\/"]}]},{"@type":"ImageObject","inLanguage":"fr","@id":"https:\/\/test.chemin-neuf.mu\/fr\/mission-cana\/#primaryimage","url":"https:\/\/test.chemin-neuf.mu\/wp-content\/uploads\/2023\/12\/ac5_efhq7fs.jpg","contentUrl":"https:\/\/test.chemin-neuf.mu\/wp-content\/uploads\/2023\/12\/ac5_efhq7fs.jpg","width":1600,"height":1067,"caption":"man in white dress shirt holding brown flower bouquet"},{"@type":"BreadcrumbList","@id":"https:\/\/test.chemin-neuf.mu\/fr\/mission-cana\/#breadcrumb","itemListElement":[{"@type":"ListItem","position":1,"name":"Home","item":"https:\/\/test.chemin-neuf.mu\/fr\/"},{"@type":"ListItem","position":2,"name":"Mission CANA"}]},{"@type":"WebSite","@id":"https:\/\/test.chemin-neuf.mu\/fr\/#website","url":"https:\/\/test.chemin-neuf.mu\/fr\/","name":"Test Pays","description":"Site test pays bilingue","potentialAction":[{"@type":"SearchAction","target":{"@type":"EntryPoint","urlTemplate":"https:\/\/test.chemin-neuf.mu\/fr\/?s={search_term_string}"},"query-input":{"@type":"PropertyValueSpecification","valueRequired":true,"valueName":"search_term_string"}}],"inLanguage":"fr"}]}},"_links":{"self":[{"href":"https:\/\/test.chemin-neuf.mu\/fr\/wp-json\/wp\/v2\/pages\/44508","targetHints":{"allow":["GET"]}}],"collection":[{"href":"https:\/\/test.chemin-neuf.mu\/fr\/wp-json\/wp\/v2\/pages"}],"about":[{"href":"https:\/\/test.chemin-neuf.mu\/fr\/wp-json\/wp\/v2\/types\/page"}],"author":[{"embeddable":true,"href":"https:\/\/test.chemin-neuf.mu\/fr\/wp-json\/wp\/v2\/users\/1"}],"replies":[{"embeddable":true,"href":"https:\/\/test.chemin-neuf.mu\/fr\/wp-json\/wp\/v2\/comments?post=44508"}],"version-history":[{"count":12,"href":"https:\/\/test.chemin-neuf.mu\/fr\/wp-json\/wp\/v2\/pages\/44508\/revisions"}],"predecessor-version":[{"id":73503,"href":"https:\/\/test.chemin-neuf.mu\/fr\/wp-json\/wp\/v2\/pages\/44508\/revisions\/73503"}],"wp:featuredmedia":[{"embeddable":true,"href":"https:\/\/test.chemin-neuf.mu\/fr\/wp-json\/wp\/v2\/media\/44509"}],"wp:attachment":[{"href":"https:\/\/test.chemin-neuf.mu\/fr\/wp-json\/wp\/v2\/media?parent=44508"}],"curies":[{"name":"wp","href":"https:\/\/api.w.org\/{rel}","templated":true}]}}