{"id":68677,"date":"2025-08-06T12:31:15","date_gmt":"2025-08-06T10:31:15","guid":{"rendered":"https:\/\/test.chemin-neuf.mu\/?page_id=68677"},"modified":"2026-01-23T16:05:36","modified_gmt":"2026-01-23T15:05:36","slug":"haltes-spirituelles","status":"publish","type":"page","link":"https:\/\/test.chemin-neuf.mu\/fr\/haltes-spirituelles\/","title":{"rendered":"Haltes spirituelles"},"content":{"rendered":"\n<p class=\"has-normal-font-size\">Une journ\u00e9e de ressourcement et d&#8217;approfondissement, pour <strong>prendre le temps de s&#8217;arr\u00eater et d&#8217;\u00e9couter Dieu dans le silence<\/strong>. Les journ\u00e9es ont toutes lieu dans le bel et calme environnement du Carmel de Mehagne. Chaque halte spirituelle a un th\u00e8me sp\u00e9cifique qui vous sera communiqu\u00e9 ult\u00e9rieurement.<\/p>\n\n\n\n<h3 class=\"wp-block-heading has-orange-color has-text-color has-link-color has-large-font-size wp-elements-053c8e1faa4a311f9fdb1180e61886c6\">Les dates<\/h3>\n\n\n\n<div class=\"wp-block-group\"><div class=\"wp-block-group__inner-container is-layout-constrained wp-block-group-is-layout-constrained\">\n<p><strong>mardi 14 octobre 2025<\/strong><\/p>\n\n\n\n<p><strong>mardi 9 d\u00e9cembre 2025<\/strong><\/p>\n\n\n\n<p><strong>samedi 17 janvier 2026<\/strong><\/p>\n\n\n\n<p><strong>mardi 10 f\u00e9vrier 2026<\/strong><\/p>\n\n\n<div class=\"wp-block-image\">\n<figure class=\"aligncenter size-full is-resized\"><img loading=\"lazy\" decoding=\"async\" width=\"554\" height=\"783\" src=\"https:\/\/test.chemin-neuf.mu\/wp-content\/uploads\/2026\/01\/affiche-halte-spirituelle-10-fevrier-2026.png\" alt=\"\" class=\"wp-image-74214\" style=\"width:640px;height:auto\"\/><\/figure>\n<\/div>\n\n\n<p><strong>samedi 4 avril 2026<\/strong><\/p>\n<\/div><\/div>\n\n\n\n<h3 class=\"wp-block-heading has-orange-color has-text-color has-link-color has-large-font-size wp-elements-b0deae56a849c56bf8039dc551234fa6\">Le programme<\/h3>\n\n\n\n<p><strong>De 9h \u00e0 16h<\/strong><\/p>\n\n\n\n<p>Enseignement sur le th\u00e8me \/ pri\u00e8re personnelle \/ eucharistie \/ possibilit\u00e9 de confessions \/ repas simplifi\u00e9 \/ partage en petit groupes \/ relecture<\/p>\n\n\n\n<p>La matin\u00e9e et le repas sont en silence. Une inscription est souhait\u00e9e: mehagne@chemin-neuf.be.<\/p>\n\n\n\n<p>Libre participation aux frais.<\/p>\n","protected":false},"excerpt":{"rendered":"<p>Une journ\u00e9e de ressourcement et d&#8217;approfondissement, pour prendre le temps de s&#8217;arr\u00eater et d&#8217;\u00e9couter Dieu dans le silence. Les journ\u00e9es ont toutes lieu dans le bel et calme environnement du Carmel de Mehagne. Chaque halte spirituelle a un th\u00e8me sp\u00e9cifique qui vous sera communiqu\u00e9 ult\u00e9rieurement. Les dates mardi 14 octobre 2025 mardi 9 d\u00e9cembre 2025 [&hellip;]<\/p>\n","protected":false},"author":1,"featured_media":68678,"parent":0,"menu_order":0,"comment_status":"closed","ping_status":"closed","template":"","meta":{"_acf_changed":false,"footnotes":""},"class_list":["post-68677","page","type-page","status-publish","has-post-thumbnail","hentry"],"acf":[],"yoast_head":"<!-- This site is optimized with the Yoast SEO plugin v27.5 - https:\/\/yoast.com\/product\/yoast-seo-wordpress\/ -->\n<title>Haltes spirituelles - Test Pays<\/title>\n<meta name=\"description\" content=\"Une journ\u00e9e de ressourcement et d&#039;approfondissement, pour prendre le temps de s&#039;arr\u00eater et d&#039;\u00e9couter Dieu dans le silence. Les journ\u00e9es ont toutes lieu\" \/>\n<meta name=\"robots\" content=\"noindex, follow, max-snippet:-1, max-image-preview:large, max-video-preview:-1\" \/>\n<meta property=\"og:locale\" content=\"fr_FR\" \/>\n<meta property=\"og:type\" content=\"article\" \/>\n<meta property=\"og:title\" content=\"Haltes spirituelles - Test Pays\" \/>\n<meta property=\"og:description\" content=\"Une journ\u00e9e de ressourcement et d&#039;approfondissement, pour prendre le temps de s&#039;arr\u00eater et d&#039;\u00e9couter Dieu dans le silence. Les journ\u00e9es ont toutes lieu\" \/>\n<meta property=\"og:url\" content=\"https:\/\/test.chemin-neuf.mu\/fr\/haltes-spirituelles\/\" \/>\n<meta property=\"og:site_name\" content=\"Test Pays\" \/>\n<meta property=\"article:modified_time\" content=\"2026-01-23T15:05:36+00:00\" \/>\n<meta property=\"og:image\" content=\"https:\/\/test.chemin-neuf.mu\/wp-content\/uploads\/2025\/08\/x4_tkde1_gs.jpg\" \/>\n\t<meta property=\"og:image:width\" content=\"1600\" \/>\n\t<meta property=\"og:image:height\" content=\"1027\" \/>\n\t<meta property=\"og:image:type\" content=\"image\/jpeg\" \/>\n<meta name=\"twitter:card\" content=\"summary_large_image\" \/>\n<meta name=\"twitter:label1\" content=\"Est. reading time\" \/>\n\t<meta name=\"twitter:data1\" content=\"1 minute\" \/>\n<script type=\"application\/ld+json\" class=\"yoast-schema-graph\">{\"@context\":\"https:\\\/\\\/schema.org\",\"@graph\":[{\"@type\":\"WebPage\",\"@id\":\"https:\\\/\\\/test.chemin-neuf.mu\\\/fr\\\/haltes-spirituelles\\\/\",\"url\":\"https:\\\/\\\/test.chemin-neuf.mu\\\/fr\\\/haltes-spirituelles\\\/\",\"name\":\"Haltes spirituelles - Test Pays\",\"isPartOf\":{\"@id\":\"https:\\\/\\\/test.chemin-neuf.mu\\\/fr\\\/#website\"},\"primaryImageOfPage\":{\"@id\":\"https:\\\/\\\/test.chemin-neuf.mu\\\/fr\\\/haltes-spirituelles\\\/#primaryimage\"},\"image\":{\"@id\":\"https:\\\/\\\/test.chemin-neuf.mu\\\/fr\\\/haltes-spirituelles\\\/#primaryimage\"},\"thumbnailUrl\":\"https:\\\/\\\/test.chemin-neuf.mu\\\/wp-content\\\/uploads\\\/2025\\\/08\\\/x4_tkde1_gs.jpg\",\"datePublished\":\"2025-08-06T10:31:15+00:00\",\"dateModified\":\"2026-01-23T15:05:36+00:00\",\"description\":\"Une journ\u00e9e de ressourcement et d'approfondissement, pour prendre le temps de s'arr\u00eater et d'\u00e9couter Dieu dans le silence. Les journ\u00e9es ont toutes lieu\",\"breadcrumb\":{\"@id\":\"https:\\\/\\\/test.chemin-neuf.mu\\\/fr\\\/haltes-spirituelles\\\/#breadcrumb\"},\"inLanguage\":\"fr\",\"potentialAction\":[{\"@type\":\"ReadAction\",\"target\":[\"https:\\\/\\\/test.chemin-neuf.mu\\\/fr\\\/haltes-spirituelles\\\/\"]}]},{\"@type\":\"ImageObject\",\"inLanguage\":\"fr\",\"@id\":\"https:\\\/\\\/test.chemin-neuf.mu\\\/fr\\\/haltes-spirituelles\\\/#primaryimage\",\"url\":\"https:\\\/\\\/test.chemin-neuf.mu\\\/wp-content\\\/uploads\\\/2025\\\/08\\\/x4_tkde1_gs.jpg\",\"contentUrl\":\"https:\\\/\\\/test.chemin-neuf.mu\\\/wp-content\\\/uploads\\\/2025\\\/08\\\/x4_tkde1_gs.jpg\",\"width\":1600,\"height\":1027,\"caption\":\"A woman in a white dress standing in the street\"},{\"@type\":\"BreadcrumbList\",\"@id\":\"https:\\\/\\\/test.chemin-neuf.mu\\\/fr\\\/haltes-spirituelles\\\/#breadcrumb\",\"itemListElement\":[{\"@type\":\"ListItem\",\"position\":1,\"name\":\"Home\",\"item\":\"https:\\\/\\\/test.chemin-neuf.mu\\\/fr\\\/\"},{\"@type\":\"ListItem\",\"position\":2,\"name\":\"Haltes spirituelles\"}]},{\"@type\":\"WebSite\",\"@id\":\"https:\\\/\\\/test.chemin-neuf.mu\\\/fr\\\/#website\",\"url\":\"https:\\\/\\\/test.chemin-neuf.mu\\\/fr\\\/\",\"name\":\"Test Pays\",\"description\":\"Site test pays bilingue\",\"potentialAction\":[{\"@type\":\"SearchAction\",\"target\":{\"@type\":\"EntryPoint\",\"urlTemplate\":\"https:\\\/\\\/test.chemin-neuf.mu\\\/fr\\\/?s={search_term_string}\"},\"query-input\":{\"@type\":\"PropertyValueSpecification\",\"valueRequired\":true,\"valueName\":\"search_term_string\"}}],\"inLanguage\":\"fr\"}]}<\/script>\n<!-- \/ Yoast SEO plugin. -->","yoast_head_json":{"title":"Haltes spirituelles - Test Pays","description":"Une journ\u00e9e de ressourcement et d'approfondissement, pour prendre le temps de s'arr\u00eater et d'\u00e9couter Dieu dans le silence. Les journ\u00e9es ont toutes lieu","robots":{"index":"noindex","follow":"follow","max-snippet":"max-snippet:-1","max-image-preview":"max-image-preview:large","max-video-preview":"max-video-preview:-1"},"og_locale":"fr_FR","og_type":"article","og_title":"Haltes spirituelles - Test Pays","og_description":"Une journ\u00e9e de ressourcement et d'approfondissement, pour prendre le temps de s'arr\u00eater et d'\u00e9couter Dieu dans le silence. Les journ\u00e9es ont toutes lieu","og_url":"https:\/\/test.chemin-neuf.mu\/fr\/haltes-spirituelles\/","og_site_name":"Test Pays","article_modified_time":"2026-01-23T15:05:36+00:00","og_image":[{"width":1600,"height":1027,"url":"https:\/\/test.chemin-neuf.mu\/wp-content\/uploads\/2025\/08\/x4_tkde1_gs.jpg","type":"image\/jpeg"}],"twitter_card":"summary_large_image","twitter_misc":{"Est. reading time":"1 minute"},"schema":{"@context":"https:\/\/schema.org","@graph":[{"@type":"WebPage","@id":"https:\/\/test.chemin-neuf.mu\/fr\/haltes-spirituelles\/","url":"https:\/\/test.chemin-neuf.mu\/fr\/haltes-spirituelles\/","name":"Haltes spirituelles - Test Pays","isPartOf":{"@id":"https:\/\/test.chemin-neuf.mu\/fr\/#website"},"primaryImageOfPage":{"@id":"https:\/\/test.chemin-neuf.mu\/fr\/haltes-spirituelles\/#primaryimage"},"image":{"@id":"https:\/\/test.chemin-neuf.mu\/fr\/haltes-spirituelles\/#primaryimage"},"thumbnailUrl":"https:\/\/test.chemin-neuf.mu\/wp-content\/uploads\/2025\/08\/x4_tkde1_gs.jpg","datePublished":"2025-08-06T10:31:15+00:00","dateModified":"2026-01-23T15:05:36+00:00","description":"Une journ\u00e9e de ressourcement et d'approfondissement, pour prendre le temps de s'arr\u00eater et d'\u00e9couter Dieu dans le silence. Les journ\u00e9es ont toutes lieu","breadcrumb":{"@id":"https:\/\/test.chemin-neuf.mu\/fr\/haltes-spirituelles\/#breadcrumb"},"inLanguage":"fr","potentialAction":[{"@type":"ReadAction","target":["https:\/\/test.chemin-neuf.mu\/fr\/haltes-spirituelles\/"]}]},{"@type":"ImageObject","inLanguage":"fr","@id":"https:\/\/test.chemin-neuf.mu\/fr\/haltes-spirituelles\/#primaryimage","url":"https:\/\/test.chemin-neuf.mu\/wp-content\/uploads\/2025\/08\/x4_tkde1_gs.jpg","contentUrl":"https:\/\/test.chemin-neuf.mu\/wp-content\/uploads\/2025\/08\/x4_tkde1_gs.jpg","width":1600,"height":1027,"caption":"A woman in a white dress standing in the street"},{"@type":"BreadcrumbList","@id":"https:\/\/test.chemin-neuf.mu\/fr\/haltes-spirituelles\/#breadcrumb","itemListElement":[{"@type":"ListItem","position":1,"name":"Home","item":"https:\/\/test.chemin-neuf.mu\/fr\/"},{"@type":"ListItem","position":2,"name":"Haltes spirituelles"}]},{"@type":"WebSite","@id":"https:\/\/test.chemin-neuf.mu\/fr\/#website","url":"https:\/\/test.chemin-neuf.mu\/fr\/","name":"Test Pays","description":"Site test pays bilingue","potentialAction":[{"@type":"SearchAction","target":{"@type":"EntryPoint","urlTemplate":"https:\/\/test.chemin-neuf.mu\/fr\/?s={search_term_string}"},"query-input":{"@type":"PropertyValueSpecification","valueRequired":true,"valueName":"search_term_string"}}],"inLanguage":"fr"}]}},"_links":{"self":[{"href":"https:\/\/test.chemin-neuf.mu\/fr\/wp-json\/wp\/v2\/pages\/68677","targetHints":{"allow":["GET"]}}],"collection":[{"href":"https:\/\/test.chemin-neuf.mu\/fr\/wp-json\/wp\/v2\/pages"}],"about":[{"href":"https:\/\/test.chemin-neuf.mu\/fr\/wp-json\/wp\/v2\/types\/page"}],"author":[{"embeddable":true,"href":"https:\/\/test.chemin-neuf.mu\/fr\/wp-json\/wp\/v2\/users\/1"}],"replies":[{"embeddable":true,"href":"https:\/\/test.chemin-neuf.mu\/fr\/wp-json\/wp\/v2\/comments?post=68677"}],"version-history":[{"count":7,"href":"https:\/\/test.chemin-neuf.mu\/fr\/wp-json\/wp\/v2\/pages\/68677\/revisions"}],"predecessor-version":[{"id":74217,"href":"https:\/\/test.chemin-neuf.mu\/fr\/wp-json\/wp\/v2\/pages\/68677\/revisions\/74217"}],"wp:featuredmedia":[{"embeddable":true,"href":"https:\/\/test.chemin-neuf.mu\/fr\/wp-json\/wp\/v2\/media\/68678"}],"wp:attachment":[{"href":"https:\/\/test.chemin-neuf.mu\/fr\/wp-json\/wp\/v2\/media?parent=68677"}],"curies":[{"name":"wp","href":"https:\/\/api.w.org\/{rel}","templated":true}]}}